{"id":71657,"date":"2025-01-24T16:27:39","date_gmt":"2025-01-24T15:27:39","guid":{"rendered":"https:\/\/mvj0879.webmo.fr\/?page_id=71657"},"modified":"2025-01-24T16:27:39","modified_gmt":"2025-01-24T15:27:39","slug":"cgv","status":"publish","type":"page","link":"https:\/\/patanella.fr\/en\/cgv\/","title":{"rendered":"T&amp;Cs (Terms and Conditions)"},"content":{"rendered":"<p>[et_pb_section fb_built=\u00a0\u00bb1&Prime; theme_builder_area=\u00a0\u00bbpost_content\u00a0\u00bb _builder_version=\u00a0\u00bb4.27.4&Prime; _module_preset=\u00a0\u00bbdefault\u00a0\u00bb custom_margin=\u00a0\u00bb75px||||false|false\u00a0\u00bb hover_enabled=\u00a0\u00bb0&Prime; sticky_enabled=\u00a0\u00bb0&Prime;][et_pb_row _builder_version=\u00a0\u00bb4.27.4&Prime; _module_preset=\u00a0\u00bbdefault\u00a0\u00bb theme_builder_area=\u00a0\u00bbpost_content\u00a0\u00bb][et_pb_column _builder_version=\u00a0\u00bb4.27.4&Prime; _module_preset=\u00a0\u00bbdefault\u00a0\u00bb type=\u00a0\u00bb4_4&Prime; theme_builder_area=\u00a0\u00bbpost_content\u00a0\u00bb][et_pb_text _builder_version=\u00a0\u00bb4.27.4&Prime; _module_preset=\u00a0\u00bbdefault\u00a0\u00bb theme_builder_area=\u00a0\u00bbpost_content\u00a0\u00bb hover_enabled=\u00a0\u00bb0&Prime; sticky_enabled=\u00a0\u00bb0&Prime;]<\/p>\n<h1><strong>Conditions G\u00e9n\u00e9rales de Vente (CGV)<\/strong><br \/><strong>Patanella\u00a0<\/strong><\/h1>\n<p><strong><\/strong><\/p>\n<p><strong><\/strong><\/p>\n<h3>1. Objet<\/h3>\n<p>Les pr\u00e9sentes Conditions G\u00e9n\u00e9rales de Vente (CGV) r\u00e9gissent les relations entre <strong>Patanella<\/strong>, restaurant situ\u00e9 au 3 rue des Chanoines, 14400 Bayeux, et toute personne utilisant le site internet du restaurant.<\/p>\n<h3>2. R\u00e9servations de groupes<\/h3>\n<p>Les groupes souhaitant r\u00e9server sont invit\u00e9s \u00e0 utiliser le formulaire de contact disponible sur le site. Une confirmation \u00e9crite sera envoy\u00e9e par email apr\u00e8s r\u00e9ception de la demande. Aucune r\u00e9servation de groupe ne sera consid\u00e9r\u00e9e comme valid\u00e9e sans confirmation \u00e9crite du restaurant.<\/p>\n<h3>3. Protection des donn\u00e9es personnelles<\/h3>\n<p>Le site utilise des cookies et des outils d\u2019analyse tels que Google Analytics pour am\u00e9liorer l\u2019exp\u00e9rience utilisateur.<br \/>Les donn\u00e9es collect\u00e9es via les formulaires (r\u00e9servations de groupes et d\u00e9p\u00f4t de candidature) sont strictement confidentielles et utilis\u00e9es uniquement dans le cadre des demandes sp\u00e9cifiques des utilisateurs. Pour en savoir plus sur la gestion des donn\u00e9es personnelles, consultez notre [Politique de confidentialit\u00e9].<\/p>\n<h3>4. Droit applicable<\/h3>\n<p>Les pr\u00e9sentes CGV sont r\u00e9gies par la l\u00e9gislation fran\u00e7aise. En cas de litige, les tribunaux comp\u00e9tents seront ceux dont d\u00e9pend le si\u00e8ge social du restaurant.<\/p>\n<h3>5. Responsabilit\u00e9<\/h3>\n<p>Patanella s\u2019efforce de maintenir les informations du site internet \u00e0 jour et exactes. Cependant, le restaurant ne peut \u00eatre tenu responsable des erreurs ou omissions involontaires.<\/p>\n<p>[\/et_pb_text][\/et_pb_column][\/et_pb_row][\/et_pb_section]<\/p>\n","protected":false},"excerpt":{"rendered":"<p>Conditions G\u00e9n\u00e9rales de Vente (CGV)Patanella\u00a0 1. Objet Les pr\u00e9sentes Conditions G\u00e9n\u00e9rales de Vente (CGV) r\u00e9gissent les relations entre Patanella, restaurant situ\u00e9 au 3 rue des Chanoines, 14400 Bayeux, et toute personne utilisant le site internet du restaurant. 2. R\u00e9servations de groupes Les groupes souhaitant r\u00e9server sont invit\u00e9s \u00e0 utiliser le formulaire de contact disponible sur [&hellip;]<\/p>\n","protected":false},"author":1,"featured_media":0,"parent":0,"menu_order":0,"comment_status":"closed","ping_status":"closed","template":"","meta":{"_et_pb_use_builder":"on","_et_pb_old_content":"","_et_gb_content_width":"","footnotes":""},"class_list":["post-71657","page","type-page","status-publish","hentry"],"_links":{"self":[{"href":"https:\/\/patanella.fr\/en\/wp-json\/wp\/v2\/pages\/71657","targetHints":{"allow":["GET"]}}],"collection":[{"href":"https:\/\/patanella.fr\/en\/wp-json\/wp\/v2\/pages"}],"about":[{"href":"https:\/\/patanella.fr\/en\/wp-json\/wp\/v2\/types\/page"}],"author":[{"embeddable":true,"href":"https:\/\/patanella.fr\/en\/wp-json\/wp\/v2\/users\/1"}],"replies":[{"embeddable":true,"href":"https:\/\/patanella.fr\/en\/wp-json\/wp\/v2\/comments?post=71657"}],"version-history":[{"count":2,"href":"https:\/\/patanella.fr\/en\/wp-json\/wp\/v2\/pages\/71657\/revisions"}],"predecessor-version":[{"id":71659,"href":"https:\/\/patanella.fr\/en\/wp-json\/wp\/v2\/pages\/71657\/revisions\/71659"}],"wp:attachment":[{"href":"https:\/\/patanella.fr\/en\/wp-json\/wp\/v2\/media?parent=71657"}],"curies":[{"name":"wp","href":"https:\/\/api.w.org\/{rel}","templated":true}]}}