{"id":71474,"date":"2025-01-15T15:20:39","date_gmt":"2025-01-15T14:20:39","guid":{"rendered":"https:\/\/mvj0879.webmo.fr\/?page_id=71474"},"modified":"2025-01-29T10:10:35","modified_gmt":"2025-01-29T09:10:35","slug":"localiser","status":"publish","type":"page","link":"https:\/\/patanella.fr\/en\/localiser\/","title":{"rendered":"Locate"},"content":{"rendered":"<p>[et_pb_section fb_built=\u00a0\u00bb1&Prime; _builder_version=\u00a0\u00bb4.27.4&Prime; custom_margin=\u00a0\u00bb93px||||false|false\u00a0\u00bb custom_padding=\u00a0\u00bb0px||0px||true|\u00a0\u00bb locked=\u00a0\u00bboff\u00a0\u00bb global_colors_info=\u00a0\u00bb{}\u00a0\u00bb][et_pb_row column_structure=\u00a0\u00bb2_3,1_3&Prime; make_equal=\u00a0\u00bbon\u00a0\u00bb _builder_version=\u00a0\u00bb4.27.4&Prime; width=\u00a0\u00bb100%\u00a0\u00bb width_tablet=\u00a0\u00bb90%\u00a0\u00bb width_phone=\u00a0\u00bb90%\u00a0\u00bb width_last_edited=\u00a0\u00bboff|desktop\u00a0\u00bb max_width=\u00a0\u00bb1500px\u00a0\u00bb max_width_tablet=\u00a0\u00bb90%\u00a0\u00bb max_width_phone=\u00a0\u00bb90%\u00a0\u00bb max_width_last_edited=\u00a0\u00bboff|desktop\u00a0\u00bb custom_margin=\u00a0\u00bb|auto|-5px|auto|false|false\u00a0\u00bb custom_padding=\u00a0\u00bb0px||0px||true|\u00a0\u00bb global_colors_info=\u00a0\u00bb{}\u00a0\u00bb][et_pb_column type=\u00a0\u00bb2_3&Prime; _builder_version=\u00a0\u00bb4.27.4&Prime; animation_style=\u00a0\u00bbslide\u00a0\u00bb animation_direction=\u00a0\u00bbleft\u00a0\u00bb animation_duration=\u00a0\u00bb2000ms\u00a0\u00bb global_colors_info=\u00a0\u00bb{}\u00a0\u00bb][et_pb_text _builder_version=\u00a0\u00bb4.27.4&Prime; header_font=\u00a0\u00bb||||||||\u00a0\u00bb header_line_height=\u00a0\u00bb1.3em\u00a0\u00bb custom_margin=\u00a0\u00bb|||50px|false|false\u00a0\u00bb custom_margin_tablet=\u00a0\u00bb-10px||||false|false\u00a0\u00bb custom_margin_phone=\u00a0\u00bb-10px||||false|false\u00a0\u00bb custom_margin_last_edited=\u00a0\u00bbon|desktop\u00a0\u00bb header_font_size_tablet=\u00a0\u00bb\u00a0\u00bb header_font_size_phone=\u00a0\u00bb30px\u00a0\u00bb header_font_size_last_edited=\u00a0\u00bbon|desktop\u00a0\u00bb global_colors_info=\u00a0\u00bb{}\u00a0\u00bb]<\/p>\n<h1 data-pm-slice=\"1 1 []\">OU NOUS TROUVER ?<\/h1>\n<p>[\/et_pb_text][et_pb_text _builder_version=\u00a0\u00bb4.27.4&Prime; text_font=\u00a0\u00bb||||||||\u00a0\u00bb text_line_height=\u00a0\u00bb1.8em\u00a0\u00bb max_width_tablet=\u00a0\u00bb100%\u00a0\u00bb max_width_phone=\u00a0\u00bb\u00a0\u00bb max_width_last_edited=\u00a0\u00bbon|desktop\u00a0\u00bb custom_margin=\u00a0\u00bb-16px||0px|50px|false|false\u00a0\u00bb custom_margin_tablet=\u00a0\u00bb-26px||||false|false\u00a0\u00bb custom_margin_phone=\u00a0\u00bb-26px||||false|false\u00a0\u00bb custom_margin_last_edited=\u00a0\u00bbon|desktop\u00a0\u00bb custom_padding=\u00a0\u00bb|85px||||\u00a0\u00bb global_colors_info=\u00a0\u00bb{}\u00a0\u00bb]<\/p>\n<p data-pm-slice=\"1 1 []\" style=\"text-align: justify;\">Patanella est id\u00e9alement situ\u00e9 <strong>au c\u0153ur du quartier historique de Bayeux<\/strong>, \u00e0 l\u2019adresse suivante :<\/p>\n<p data-pm-slice=\"1 1 []\" style=\"text-align: justify;\"><strong>3 rue des Chanoines, 14400 Bayeux<\/strong>, juste en face de la magnifique cath\u00e9drale de Bayeux.<\/p>\n<p>Pour faciliter votre visite, retrouvez-nous sur la carte ci-dessous :<span><\/span>.<\/p>\n<p>[\/et_pb_text][et_pb_code _builder_version=\u00a0\u00bb4.27.4&Prime; _module_preset=\u00a0\u00bbdefault\u00a0\u00bb width=\u00a0\u00bb95%\u00a0\u00bb max_width=\u00a0\u00bb89%\u00a0\u00bb module_alignment=\u00a0\u00bbcenter\u00a0\u00bb custom_padding=\u00a0\u00bb29px|||||\u00a0\u00bb global_colors_info=\u00a0\u00bb{}\u00a0\u00bb]<iframe src=\"https:\/\/www.google.com\/maps\/embed?pb=!1m18!1m12!1m3!1d6190.986496508993!2d-0.7076970689768938!3d49.27660232010956!2m3!1f0!2f0!3f0!3m2!1i1024!2i768!4f13.1!3m3!1m2!1s0x480bacae93e16bf5%3A0x4636828459208fa1!2sRestaurant%20'L'Assiette%20Normande%22!5e0!3m2!1sfr!2sfr!4v1736783276713!5m2!1sfr!2sfr\" width=\"100%\" height=\"400\" style=\"border:0;\" allowfullscreen=\"\" loading=\"lazy\" referrerpolicy=\"no-referrer-when-downgrade\"><\/iframe>[\/et_pb_code][\/et_pb_column][et_pb_column type=\u00a0\u00bb1_3&Prime; _builder_version=\u00a0\u00bb4.16&Prime; global_colors_info=\u00a0\u00bb{}\u00a0\u00bb][et_pb_image src=\u00a0\u00bbhttps:\/\/mvj0879.webmo.fr\/wp-content\/uploads\/2025\/01\/Ville_de_Bayeux-Marie_Petit_Calvados_Attractivite-14147-1200px.jpg\u00a0\u00bb alt=\u00a0\u00bbMarie Petit\/Calvados Attractivite\u00a0\u00bb title_text=\u00a0\u00bbVille_de_Bayeux-Marie_Petit_Calvados_Attractivite-14147-1200px\u00a0\u00bb _builder_version=\u00a0\u00bb4.27.4&Prime; custom_margin=\u00a0\u00bb|||-41px|false|false\u00a0\u00bb animation_style=\u00a0\u00bbslide\u00a0\u00bb animation_direction=\u00a0\u00bbright\u00a0\u00bb animation_duration=\u00a0\u00bb1800ms\u00a0\u00bb animation_delay=\u00a0\u00bb150ms\u00a0\u00bb animation_intensity_slide=\u00a0\u00bb17%\u00a0\u00bb box_shadow_style=\u00a0\u00bbpreset3&Prime; global_colors_info=\u00a0\u00bb{}\u00a0\u00bb][\/et_pb_image][\/et_pb_column][\/et_pb_row][et_pb_row column_structure=\u00a0\u00bb1_3,1_3,1_3&Prime; _builder_version=\u00a0\u00bb4.27.4&Prime; _module_preset=\u00a0\u00bbdefault\u00a0\u00bb global_colors_info=\u00a0\u00bb{}\u00a0\u00bb][et_pb_column type=\u00a0\u00bb1_3&Prime; _builder_version=\u00a0\u00bb4.27.4&Prime; _module_preset=\u00a0\u00bbdefault\u00a0\u00bb global_colors_info=\u00a0\u00bb{}\u00a0\u00bb][\/et_pb_column][et_pb_column type=\u00a0\u00bb1_3&Prime; _builder_version=\u00a0\u00bb4.27.4&Prime; _module_preset=\u00a0\u00bbdefault\u00a0\u00bb global_colors_info=\u00a0\u00bb{}\u00a0\u00bb][et_pb_blurb title=\u00a0\u00bbAide \u00e0 l&rsquo;itin\u00e9raire\u00a0\u00bb url=\u00a0\u00bb@ET-DC@eyJkeW5hbWljIjp0cnVlLCJjb250ZW50IjoicG9zdF9saW5rX3VybF9wYWdlIiwic2V0dGluZ3MiOnsicG9zdF9pZCI6IjcxNTE3In19@\u00a0\u00bb image=\u00a0\u00bbhttps:\/\/mvj0879.webmo.fr\/wp-content\/uploads\/2025\/01\/restaurant-54-2.png\u00a0\u00bb icon_placement=\u00a0\u00bbleft\u00a0\u00bb image_icon_width=\u00a0\u00bb34px\u00a0\u00bb content_max_width=\u00a0\u00bb100%\u00a0\u00bb _builder_version=\u00a0\u00bb4.27.4&Prime; _dynamic_attributes=\u00a0\u00bburl\u00a0\u00bb header_font=\u00a0\u00bbAlegreya Sans|600|||||||\u00a0\u00bb header_text_color=\u00a0\u00bb#383737&Prime; header_font_size=\u00a0\u00bb15px\u00a0\u00bb header_letter_spacing=\u00a0\u00bb0.9px\u00a0\u00bb header_line_height=\u00a0\u00bb0.6em\u00a0\u00bb body_text_align=\u00a0\u00bbleft\u00a0\u00bb transform_translate_linked__hover=\u00a0\u00bboff\u00a0\u00bb module_alignment=\u00a0\u00bbright\u00a0\u00bb custom_margin=\u00a0\u00bb3px|||||\u00a0\u00bb custom_margin_tablet=\u00a0\u00bb-10px||||false|false\u00a0\u00bb custom_margin_phone=\u00a0\u00bb-10px||||false|false\u00a0\u00bb custom_margin_last_edited=\u00a0\u00bbon|phone\u00a0\u00bb animation_style=\u00a0\u00bbslide\u00a0\u00bb animation=\u00a0\u00bboff\u00a0\u00bb link_option_url=\u00a0\u00bbhttps:\/\/www.google.com\/maps\/place\/Restaurant+&rsquo;L&rsquo;Assiette+Normande%22\/@49.2755591,-0.7070193,17z\/data=!3m1!4b1!4m6!3m5!1s0x480bacae93e16bf5:0x4636828459208fa1!8m2!3d49.2755556!4d-0.7044444!16s%2Fg%2F1v27tx0y?entry=ttu&#038;g_ep=EgoyMDI1MDExMC4wIKXMDSoASAFQAw%3D%3D\u00a0\u00bb image_max_width=\u00a0\u00bb34px\u00a0\u00bb locked=\u00a0\u00bboff\u00a0\u00bb global_colors_info=\u00a0\u00bb{}\u00a0\u00bb header_text_color__hover_enabled=\u00a0\u00bbon|desktop\u00a0\u00bb header_text_color__hover=\u00a0\u00bb#c9ab81&Prime; transform_styles__hover_enabled=\u00a0\u00bbon|desktop\u00a0\u00bb transform_scale__hover_enabled=\u00a0\u00bbon|desktop\u00a0\u00bb transform_translate__hover_enabled=\u00a0\u00bbon|desktop\u00a0\u00bb transform_rotate__hover_enabled=\u00a0\u00bbon|desktop\u00a0\u00bb transform_skew__hover_enabled=\u00a0\u00bbon|desktop\u00a0\u00bb transform_origin__hover_enabled=\u00a0\u00bbon|desktop\u00a0\u00bb transform_translate__hover=\u00a0\u00bb10px|0px\u00a0\u00bb][\/et_pb_blurb][\/et_pb_column][et_pb_column type=\u00a0\u00bb1_3&Prime; _builder_version=\u00a0\u00bb4.27.4&Prime; _module_preset=\u00a0\u00bbdefault\u00a0\u00bb global_colors_info=\u00a0\u00bb{}\u00a0\u00bb][\/et_pb_column][\/et_pb_row][et_pb_row make_equal=\u00a0\u00bbon\u00a0\u00bb _builder_version=\u00a0\u00bb4.27.4&Prime; width=\u00a0\u00bb100%\u00a0\u00bb width_tablet=\u00a0\u00bb90%\u00a0\u00bb width_phone=\u00a0\u00bb90%\u00a0\u00bb width_last_edited=\u00a0\u00bboff|desktop\u00a0\u00bb max_width=\u00a0\u00bb1500px\u00a0\u00bb max_width_tablet=\u00a0\u00bb90%\u00a0\u00bb max_width_phone=\u00a0\u00bb90%\u00a0\u00bb max_width_last_edited=\u00a0\u00bboff|desktop\u00a0\u00bb custom_margin=\u00a0\u00bb||50px||false|false\u00a0\u00bb custom_padding=\u00a0\u00bb0px||0px||true|\u00a0\u00bb global_colors_info=\u00a0\u00bb{}\u00a0\u00bb][et_pb_column type=\u00a0\u00bb4_4&Prime; _builder_version=\u00a0\u00bb4.27.4&Prime; animation_style=\u00a0\u00bbslide\u00a0\u00bb animation_direction=\u00a0\u00bbleft\u00a0\u00bb animation_duration=\u00a0\u00bb2000ms\u00a0\u00bb global_colors_info=\u00a0\u00bb{}\u00a0\u00bb][et_pb_text _builder_version=\u00a0\u00bb4.27.4&Prime; header_font=\u00a0\u00bb||||||||\u00a0\u00bb header_line_height=\u00a0\u00bb1.3em\u00a0\u00bb custom_margin=\u00a0\u00bb|||50px|false|false\u00a0\u00bb custom_margin_tablet=\u00a0\u00bb-10px||||false|false\u00a0\u00bb custom_margin_phone=\u00a0\u00bb-10px||||false|false\u00a0\u00bb custom_margin_last_edited=\u00a0\u00bbon|desktop\u00a0\u00bb header_font_size_tablet=\u00a0\u00bb\u00a0\u00bb header_font_size_phone=\u00a0\u00bb30px\u00a0\u00bb header_font_size_last_edited=\u00a0\u00bbon|desktop\u00a0\u00bb global_colors_info=\u00a0\u00bb{}\u00a0\u00bb]<\/p>\n<h1 data-pm-slice=\"1 1 []\">COMMENT ACCEDER A NOTRE RESTAURANT ?<\/h1>\n<p>[\/et_pb_text][et_pb_text _builder_version=\u00a0\u00bb4.27.4&Prime; text_font=\u00a0\u00bb||||||||\u00a0\u00bb text_font_size=\u00a0\u00bb19px\u00a0\u00bb text_line_height=\u00a0\u00bb1.8em\u00a0\u00bb max_width_tablet=\u00a0\u00bb100%\u00a0\u00bb max_width_phone=\u00a0\u00bb\u00a0\u00bb max_width_last_edited=\u00a0\u00bbon|desktop\u00a0\u00bb custom_margin=\u00a0\u00bb-16px||0px|50px|false|false\u00a0\u00bb custom_margin_tablet=\u00a0\u00bb-26px||||false|false\u00a0\u00bb custom_margin_phone=\u00a0\u00bb-26px||||false|false\u00a0\u00bb custom_margin_last_edited=\u00a0\u00bbon|desktop\u00a0\u00bb custom_padding=\u00a0\u00bb|85px||||\u00a0\u00bb hover_enabled=\u00a0\u00bb0&Prime; global_colors_info=\u00a0\u00bb{}\u00a0\u00bb sticky_enabled=\u00a0\u00bb0&Prime;]<\/p>\n<h4 style=\"text-align: justify;\">En voiture :<\/h4>\n<ul style=\"text-align: justify;\">\n<li>Un parking public est disponible \u00e0 proximit\u00e9 imm\u00e9diate, facilitant l\u2019acc\u00e8s pour les groupes et les familles.<\/li>\n<li>Pour les bus, des emplacements d\u00e9di\u00e9s sont situ\u00e9s \u00e0 quelques minutes de marche.<\/li>\n<\/ul>\n<h4 style=\"text-align: justify;\">En train :<\/h4>\n<ul style=\"text-align: justify;\">\n<li>Depuis la gare de Bayeux, comptez environ <strong>15 minutes \u00e0 pied<\/strong> ou <strong>5 minutes en voiture<\/strong> pour rejoindre notre restaurant.<\/li>\n<\/ul>\n<h4 style=\"text-align: justify;\">\u00c0 pied :<\/h4>\n<ul style=\"text-align: justify;\">\n<li>Situ\u00e9 dans le c\u0153ur historique, Patanella est id\u00e9alement plac\u00e9 pour une pause gourmande apr\u00e8s votre visite des tr\u00e9sors de Bayeux, comme la <a href=\"https:\/\/www.bayeux.fr\/fr\/decouvrir-bayeux\/cathedrale-notre-dame\" target=\"_blank\" rel=\"noopener\">cath\u00e9drale<\/a> ou la <a href=\"https:\/\/www.bayeuxmuseum.com\/la-tapisserie-de-bayeux\/\" target=\"_blank\" rel=\"noopener\">c\u00e9l\u00e8bre tapisserie<\/a> ou le <a href=\"https:\/\/www.bayeuxmuseum.com\/musee-dart-et-dhistoire-baron-gerard\/\" target=\"_blank\" rel=\"noopener\">MAHB<\/a><\/li>\n<\/ul>\n<p>&nbsp;<\/p>\n<p>&nbsp;<\/p>\n<h3 style=\"text-align: justify;\">Informations pratiques :<\/h3>\n<ul style=\"text-align: justify;\">\n<li><strong>Adresse<\/strong> : 3 rue des Chanoines, 14400 Bayeux<\/li>\n<li><strong>T\u00e9l\u00e9phone<\/strong> : <a href=\"tel.:0231220461\">0231220461<\/a><\/li>\n<li><strong>Mail<\/strong> : <a href=\"mailto:info@patanella.fr\">info@patanella.fr<\/a><\/li>\n<li><strong>Horaires d\u2019ouverture<\/strong> : 7 j \/ 7\u00a0 &#8211; 11:00 h- 22:00 h<\/li>\n<\/ul>\n<p>[\/et_pb_text][\/et_pb_column][\/et_pb_row][\/et_pb_section][et_pb_section fb_built=\u00a0\u00bb1&Prime; _builder_version=\u00a0\u00bb4.27.4&Prime; _module_preset=\u00a0\u00bbdefault\u00a0\u00bb custom_padding=\u00a0\u00bb0px||4px|||\u00a0\u00bb global_colors_info=\u00a0\u00bb{}\u00a0\u00bb][et_pb_row _builder_version=\u00a0\u00bb4.27.4&Prime; _module_preset=\u00a0\u00bbdefault\u00a0\u00bb custom_padding=\u00a0\u00bb||0px|||\u00a0\u00bb global_colors_info=\u00a0\u00bb{}\u00a0\u00bb][et_pb_column type=\u00a0\u00bb4_4&Prime; _builder_version=\u00a0\u00bb4.27.4&Prime; _module_preset=\u00a0\u00bbdefault\u00a0\u00bb global_colors_info=\u00a0\u00bb{}\u00a0\u00bb][et_pb_code _builder_version=\u00a0\u00bb4.27.4&Prime; _module_preset=\u00a0\u00bbdefault\u00a0\u00bb animation_direction=\u00a0\u00bbright\u00a0\u00bb global_colors_info=\u00a0\u00bb{}\u00a0\u00bb]<\/p>\n<div id=\"sticky-buttons\"><!-- [et_pb_line_break_holder] -->    <a href=\"#lien1\" class=\"custom-button\">Notre menu<\/a><!-- [et_pb_line_break_holder] -->    <a href=\"#lien2\" class=\"custom-button\">R\u00e9server<\/a><!-- [et_pb_line_break_holder] --><\/div>\n<p><!-- [et_pb_line_break_holder] -->[\/et_pb_code][\/et_pb_column][\/et_pb_row][\/et_pb_section]<\/p>\n","protected":false},"excerpt":{"rendered":"<p>OU NOUS TROUVER ?Patanella est id\u00e9alement situ\u00e9 au c\u0153ur du quartier historique de Bayeux, \u00e0 l\u2019adresse suivante : 3 rue des Chanoines, 14400 Bayeux, juste en face de la magnifique cath\u00e9drale de Bayeux. Pour faciliter votre visite, retrouvez-nous sur la carte ci-dessous :.COMMENT ACCEDER A NOTRE RESTAURANT ?En voiture : Un parking public est disponible [&hellip;]<\/p>\n","protected":false},"author":1,"featured_media":0,"parent":0,"menu_order":0,"comment_status":"closed","ping_status":"closed","template":"","meta":{"_et_pb_use_builder":"on","_et_pb_old_content":"","_et_gb_content_width":"","footnotes":""},"class_list":["post-71474","page","type-page","status-publish","hentry"],"_links":{"self":[{"href":"https:\/\/patanella.fr\/en\/wp-json\/wp\/v2\/pages\/71474","targetHints":{"allow":["GET"]}}],"collection":[{"href":"https:\/\/patanella.fr\/en\/wp-json\/wp\/v2\/pages"}],"about":[{"href":"https:\/\/patanella.fr\/en\/wp-json\/wp\/v2\/types\/page"}],"author":[{"embeddable":true,"href":"https:\/\/patanella.fr\/en\/wp-json\/wp\/v2\/users\/1"}],"replies":[{"embeddable":true,"href":"https:\/\/patanella.fr\/en\/wp-json\/wp\/v2\/comments?post=71474"}],"version-history":[{"count":3,"href":"https:\/\/patanella.fr\/en\/wp-json\/wp\/v2\/pages\/71474\/revisions"}],"predecessor-version":[{"id":71671,"href":"https:\/\/patanella.fr\/en\/wp-json\/wp\/v2\/pages\/71474\/revisions\/71671"}],"wp:attachment":[{"href":"https:\/\/patanella.fr\/en\/wp-json\/wp\/v2\/media?parent=71474"}],"curies":[{"name":"wp","href":"https:\/\/api.w.org\/{rel}","templated":true}]}}