{"id":71468,"date":"2025-01-15T14:41:02","date_gmt":"2025-01-15T13:41:02","guid":{"rendered":"https:\/\/mvj0879.webmo.fr\/?page_id=71468"},"modified":"2025-01-29T10:09:27","modified_gmt":"2025-01-29T09:09:27","slug":"reserver-pour-un-groupe","status":"publish","type":"page","link":"https:\/\/patanella.fr\/en\/reserver-pour-un-groupe\/","title":{"rendered":"R\u00e9server pour un groupe"},"content":{"rendered":"<p>[et_pb_section fb_built=\u00a0\u00bb1&Prime; _builder_version=\u00a0\u00bb4.27.4&Prime; custom_margin=\u00a0\u00bb150px||||false|false\u00a0\u00bb custom_padding=\u00a0\u00bb0px||0px||true|\u00a0\u00bb global_colors_info=\u00a0\u00bb{}\u00a0\u00bb][et_pb_row column_structure=\u00a0\u00bb2_3,1_3&Prime; make_equal=\u00a0\u00bbon\u00a0\u00bb _builder_version=\u00a0\u00bb4.27.4&Prime; width=\u00a0\u00bb100%\u00a0\u00bb width_tablet=\u00a0\u00bb90%\u00a0\u00bb width_phone=\u00a0\u00bb90%\u00a0\u00bb width_last_edited=\u00a0\u00bboff|desktop\u00a0\u00bb max_width=\u00a0\u00bb1500px\u00a0\u00bb max_width_tablet=\u00a0\u00bb90%\u00a0\u00bb max_width_phone=\u00a0\u00bb90%\u00a0\u00bb max_width_last_edited=\u00a0\u00bboff|desktop\u00a0\u00bb custom_margin=\u00a0\u00bb||50px||false|false\u00a0\u00bb custom_padding=\u00a0\u00bb0px||0px||true|\u00a0\u00bb global_colors_info=\u00a0\u00bb{}\u00a0\u00bb][et_pb_column type=\u00a0\u00bb2_3&Prime; _builder_version=\u00a0\u00bb4.27.4&Prime; animation_style=\u00a0\u00bbslide\u00a0\u00bb animation_direction=\u00a0\u00bbleft\u00a0\u00bb animation_duration=\u00a0\u00bb2000ms\u00a0\u00bb global_colors_info=\u00a0\u00bb{}\u00a0\u00bb][et_pb_text _builder_version=\u00a0\u00bb4.27.4&Prime; header_font=\u00a0\u00bb||||||||\u00a0\u00bb header_line_height=\u00a0\u00bb1.3em\u00a0\u00bb custom_margin=\u00a0\u00bb|||50px|false|false\u00a0\u00bb custom_margin_tablet=\u00a0\u00bb-10px||||false|false\u00a0\u00bb custom_margin_phone=\u00a0\u00bb-10px||||false|false\u00a0\u00bb custom_margin_last_edited=\u00a0\u00bbon|desktop\u00a0\u00bb header_font_size_tablet=\u00a0\u00bb\u00a0\u00bb header_font_size_phone=\u00a0\u00bb30px\u00a0\u00bb header_font_size_last_edited=\u00a0\u00bbon|desktop\u00a0\u00bb global_colors_info=\u00a0\u00bb{}\u00a0\u00bb]<\/p>\n<h1 data-pm-slice=\"1 1 []\"><span><strong>PATANELLA<\/strong><\/span><\/h1>\n<h2 data-pm-slice=\"1 1 []\"><span><strong>L\u2019endroit id\u00e9al pour vos repas de groupe<\/strong><\/span><\/h2>\n<p>[\/et_pb_text][et_pb_text _builder_version=\u00a0\u00bb4.27.4&Prime; text_font=\u00a0\u00bb||||||||\u00a0\u00bb text_line_height=\u00a0\u00bb1.8em\u00a0\u00bb max_width_tablet=\u00a0\u00bb100%\u00a0\u00bb max_width_phone=\u00a0\u00bb\u00a0\u00bb max_width_last_edited=\u00a0\u00bbon|desktop\u00a0\u00bb custom_margin=\u00a0\u00bb-16px|||50px|false|false\u00a0\u00bb custom_margin_tablet=\u00a0\u00bb-26px||||false|false\u00a0\u00bb custom_margin_phone=\u00a0\u00bb-26px||||false|false\u00a0\u00bb custom_margin_last_edited=\u00a0\u00bbon|desktop\u00a0\u00bb custom_padding=\u00a0\u00bb|85px||||\u00a0\u00bb global_colors_info=\u00a0\u00bb{}\u00a0\u00bb]<\/p>\n<p data-pm-slice=\"1 1 []\" style=\"text-align: justify;\"><span>Au c\u0153ur du quartier historique de Bayeux, Patanella est l\u2019adresse parfaite pour accueillir vos repas en groupe. Que ce soit pour un anniversaire, une sortie entre amis, un repas de famille ou une r\u00e9union conviviale, notre \u00e9tablissement offre un cadre chaleureux et convivial qui s\u2019adapte \u00e0 toutes les occasions.<\/span><\/p>\n<p style=\"text-align: justify;\"><span>Avec nos deux salles spacieuses \u2014 pouvant accueillir jusqu\u2019\u00e0 <\/span><span><strong>80 personnes<\/strong><\/span><span> pour l\u2019une et <\/span><span><strong>70 personnes<\/strong><\/span><span> pour l\u2019autre \u2014 nous sommes en mesure de r\u00e9pondre \u00e0 vos besoins. Que votre groupe soit petit ou grand, nous vous garantissons un service attentionn\u00e9 et une exp\u00e9rience culinaire de qualit\u00e9.<\/span><\/p>\n<p>[\/et_pb_text][\/et_pb_column][et_pb_column type=\u00a0\u00bb1_3&Prime; _builder_version=\u00a0\u00bb4.16&Prime; global_colors_info=\u00a0\u00bb{}\u00a0\u00bb][et_pb_image src=\u00a0\u00bbhttps:\/\/mvj0879.webmo.fr\/wp-content\/uploads\/2025\/01\/wine-6002736_1280.jpg\u00a0\u00bb alt=\u00a0\u00bbMarie Petit\/Calvados Attractivite\u00a0\u00bb title_text=\u00a0\u00bbwine-6002736_1280&Prime; _builder_version=\u00a0\u00bb4.27.4&Prime; custom_margin=\u00a0\u00bb|||-41px|false|false\u00a0\u00bb animation_style=\u00a0\u00bbslide\u00a0\u00bb animation_direction=\u00a0\u00bbright\u00a0\u00bb animation_duration=\u00a0\u00bb1800ms\u00a0\u00bb animation_delay=\u00a0\u00bb150ms\u00a0\u00bb animation_intensity_slide=\u00a0\u00bb17%\u00a0\u00bb box_shadow_style=\u00a0\u00bbpreset3&Prime; global_colors_info=\u00a0\u00bb{}\u00a0\u00bb][\/et_pb_image][\/et_pb_column][\/et_pb_row][et_pb_row make_equal=\u00a0\u00bbon\u00a0\u00bb _builder_version=\u00a0\u00bb4.27.4&Prime; width=\u00a0\u00bb100%\u00a0\u00bb width_tablet=\u00a0\u00bb90%\u00a0\u00bb width_phone=\u00a0\u00bb90%\u00a0\u00bb width_last_edited=\u00a0\u00bboff|desktop\u00a0\u00bb max_width=\u00a0\u00bb1500px\u00a0\u00bb max_width_tablet=\u00a0\u00bb90%\u00a0\u00bb max_width_phone=\u00a0\u00bb90%\u00a0\u00bb max_width_last_edited=\u00a0\u00bboff|desktop\u00a0\u00bb custom_padding=\u00a0\u00bb0px||0px||true|\u00a0\u00bb global_colors_info=\u00a0\u00bb{}\u00a0\u00bb][et_pb_column type=\u00a0\u00bb4_4&Prime; _builder_version=\u00a0\u00bb4.27.4&Prime; animation_style=\u00a0\u00bbslide\u00a0\u00bb animation_direction=\u00a0\u00bbleft\u00a0\u00bb animation_duration=\u00a0\u00bb2000ms\u00a0\u00bb global_colors_info=\u00a0\u00bb{}\u00a0\u00bb][et_pb_text _builder_version=\u00a0\u00bb4.27.4&Prime; header_font=\u00a0\u00bb||||||||\u00a0\u00bb header_line_height=\u00a0\u00bb1.3em\u00a0\u00bb custom_margin=\u00a0\u00bb|||50px|false|false\u00a0\u00bb custom_margin_tablet=\u00a0\u00bb-10px||||false|false\u00a0\u00bb custom_margin_phone=\u00a0\u00bb-10px||||false|false\u00a0\u00bb custom_margin_last_edited=\u00a0\u00bbon|desktop\u00a0\u00bb hover_enabled=\u00a0\u00bb0&Prime; header_font_size_tablet=\u00a0\u00bb\u00a0\u00bb header_font_size_phone=\u00a0\u00bb30px\u00a0\u00bb header_font_size_last_edited=\u00a0\u00bbon|desktop\u00a0\u00bb global_colors_info=\u00a0\u00bb{}\u00a0\u00bb sticky_enabled=\u00a0\u00bb0&Prime;]<\/p>\n<h1 data-pm-slice=\"1 1 []\"><\/h1>\n<h1><span>Des espaces privatisables pour un moment unique<\/span><\/h1>\n<p><span>Pour les grandes occasions, nous offrons la possibilit\u00e9 de <\/span><span><strong>privatiser nos salles<\/strong><\/span><span>. Nos espaces peuvent \u00eatre configur\u00e9s selon vos besoins, que ce soit pour un repas assis, une ambiance plus informelle ou une disposition sp\u00e9cifique. Chaque salle est con\u00e7ue pour garantir le confort et l\u2019intimit\u00e9 de votre groupe.<\/span><\/p>\n<p><span>Nos salles sont parfaitement adapt\u00e9es aux repas festifs ou aux r\u00e9unions de groupe, avec un accent mis sur le d\u00e9tail et une ambiance chaleureuse qui feront de votre visite un moment m\u00e9morable.<\/span><\/p>\n<p><span><\/span><\/p>\n<h1><span>Un emplacement privil\u00e9gi\u00e9 au c\u0153ur de Bayeux<\/span><\/h1>\n<p><span>Situ\u00e9 face \u00e0 la magnifique cath\u00e9drale de Bayeux, Patanella est un lieu id\u00e9al pour faire une pause gourmande lors de vos sorties en groupe.<\/span><\/p>\n<p><span>Pour plus de commodit\u00e9, des places de stationnement sont disponibles \u00e0 proximit\u00e9 sur un grand parking payant, facilitant l\u2019acc\u00e8s pour les bus et les voitures.<\/span><\/p>\n<h1><span>Comment r\u00e9server votre repas de groupe ?<\/span><\/h1>\n<p><span style=\"font-size: 30px; font-family: Poppins, Helvetica, Arial, Lucida, sans-serif; font-weight: bold;\"><\/span><\/p>\n<p><span>Organiser votre repas de groupe chez Patanella est simple :<\/span><\/p>\n<ul data-spread=\"false\">\n<li><span>Contactez-nous par <\/span><span><strong>t\u00e9l\u00e9phone au <a href=\"tel.:0231220461\">0231220461<\/a><\/strong><\/span><span> ou par <\/span><a href=\"mailto:info@patanella.fr\"><span><strong>email<\/strong><\/span><\/a><span>.<\/span><\/li>\n<li><span>Ensemble, nous d\u00e9finirons vos besoins pour cr\u00e9er une exp\u00e9rience sur mesure.<\/span><\/li>\n<\/ul>\n<p><span><strong>Pensez \u00e0 r\u00e9server \u00e0 l\u2019avance<\/strong><\/span><span>, surtout en haute saison, pour garantir la disponibilit\u00e9 de nos salles.<\/span><\/p>\n<p><span><\/span><\/p>\n<h1><span>Venez partager un moment inoubliable<\/span><\/h1>\n<p><span>Chez Patanella, chaque repas de groupe est une c\u00e9l\u00e9bration. Laissez-vous s\u00e9duire par notre cadre chaleureux, nos plats authentiques et notre accueil attentif. Que vous soyez en famille, entre amis ou avec un grand groupe, nous mettons tout en \u0153uvre pour faire de votre visite un moment exceptionnel.<\/span><\/p>\n<p><span><strong>R\u00e9servez votre repas de groupe d\u00e8s aujourd\u2019hui et venez cr\u00e9er des souvenirs au c\u0153ur de Bayeux !<\/strong><\/span><\/p>\n<p>&nbsp;<\/p>\n<p>[\/et_pb_text][\/et_pb_column][\/et_pb_row][et_pb_row make_equal=\u00a0\u00bbon\u00a0\u00bb _builder_version=\u00a0\u00bb4.27.4&Prime; width=\u00a0\u00bb100%\u00a0\u00bb width_tablet=\u00a0\u00bb90%\u00a0\u00bb width_phone=\u00a0\u00bb90%\u00a0\u00bb width_last_edited=\u00a0\u00bboff|desktop\u00a0\u00bb max_width=\u00a0\u00bb1500px\u00a0\u00bb max_width_tablet=\u00a0\u00bb90%\u00a0\u00bb max_width_phone=\u00a0\u00bb90%\u00a0\u00bb max_width_last_edited=\u00a0\u00bboff|desktop\u00a0\u00bb custom_padding=\u00a0\u00bb0px||0px||true|\u00a0\u00bb global_colors_info=\u00a0\u00bb{}\u00a0\u00bb][et_pb_column type=\u00a0\u00bb4_4&Prime; _builder_version=\u00a0\u00bb4.27.4&Prime; animation_style=\u00a0\u00bbslide\u00a0\u00bb animation_direction=\u00a0\u00bbleft\u00a0\u00bb animation_duration=\u00a0\u00bb2000ms\u00a0\u00bb global_colors_info=\u00a0\u00bb{}\u00a0\u00bb][\/et_pb_column][\/et_pb_row][\/et_pb_section][et_pb_section fb_built=\u00a0\u00bb1&Prime; _builder_version=\u00a0\u00bb4.27.4&Prime; _module_preset=\u00a0\u00bbdefault\u00a0\u00bb custom_padding=\u00a0\u00bb0px||4px|||\u00a0\u00bb global_colors_info=\u00a0\u00bb{}\u00a0\u00bb][et_pb_row _builder_version=\u00a0\u00bb4.27.4&Prime; _module_preset=\u00a0\u00bbdefault\u00a0\u00bb custom_padding=\u00a0\u00bb||0px|||\u00a0\u00bb global_colors_info=\u00a0\u00bb{}\u00a0\u00bb][et_pb_column type=\u00a0\u00bb4_4&Prime; _builder_version=\u00a0\u00bb4.27.4&Prime; _module_preset=\u00a0\u00bbdefault\u00a0\u00bb global_colors_info=\u00a0\u00bb{}\u00a0\u00bb][et_pb_code _builder_version=\u00a0\u00bb4.27.4&Prime; _module_preset=\u00a0\u00bbdefault\u00a0\u00bb animation_direction=\u00a0\u00bbright\u00a0\u00bb global_colors_info=\u00a0\u00bb{}\u00a0\u00bb]<\/p>\n<div id=\"sticky-buttons\"><!-- [et_pb_line_break_holder] -->    <a href=\"#lien1\" class=\"custom-button\">Notre menu<\/a><!-- [et_pb_line_break_holder] -->    <a href=\"#lien2\" class=\"custom-button\">R\u00e9server<\/a><!-- [et_pb_line_break_holder] --><\/div>\n<p><!-- [et_pb_line_break_holder] -->[\/et_pb_code][\/et_pb_column][\/et_pb_row][\/et_pb_section]<\/p>\n","protected":false},"excerpt":{"rendered":"<p>PATANELLA L\u2019endroit id\u00e9al pour vos repas de groupeAu c\u0153ur du quartier historique de Bayeux, Patanella est l\u2019adresse parfaite pour accueillir vos repas en groupe. Que ce soit pour un anniversaire, une sortie entre amis, un repas de famille ou une r\u00e9union conviviale, notre \u00e9tablissement offre un cadre chaleureux et convivial qui s\u2019adapte \u00e0 toutes les [&hellip;]<\/p>\n","protected":false},"author":1,"featured_media":0,"parent":0,"menu_order":0,"comment_status":"closed","ping_status":"closed","template":"","meta":{"_et_pb_use_builder":"on","_et_pb_old_content":"","_et_gb_content_width":"","footnotes":""},"class_list":["post-71468","page","type-page","status-publish","hentry"],"_links":{"self":[{"href":"https:\/\/patanella.fr\/en\/wp-json\/wp\/v2\/pages\/71468","targetHints":{"allow":["GET"]}}],"collection":[{"href":"https:\/\/patanella.fr\/en\/wp-json\/wp\/v2\/pages"}],"about":[{"href":"https:\/\/patanella.fr\/en\/wp-json\/wp\/v2\/types\/page"}],"author":[{"embeddable":true,"href":"https:\/\/patanella.fr\/en\/wp-json\/wp\/v2\/users\/1"}],"replies":[{"embeddable":true,"href":"https:\/\/patanella.fr\/en\/wp-json\/wp\/v2\/comments?post=71468"}],"version-history":[{"count":3,"href":"https:\/\/patanella.fr\/en\/wp-json\/wp\/v2\/pages\/71468\/revisions"}],"predecessor-version":[{"id":71670,"href":"https:\/\/patanella.fr\/en\/wp-json\/wp\/v2\/pages\/71468\/revisions\/71670"}],"wp:attachment":[{"href":"https:\/\/patanella.fr\/en\/wp-json\/wp\/v2\/media?parent=71468"}],"curies":[{"name":"wp","href":"https:\/\/api.w.org\/{rel}","templated":true}]}}