{"id":71452,"date":"2025-01-15T11:39:03","date_gmt":"2025-01-15T10:39:03","guid":{"rendered":"https:\/\/mvj0879.webmo.fr\/?page_id=71452"},"modified":"2025-01-24T14:24:39","modified_gmt":"2025-01-24T13:24:39","slug":"notre-histoire","status":"publish","type":"page","link":"https:\/\/patanella.fr\/en\/notre-histoire\/","title":{"rendered":"The story"},"content":{"rendered":"<p>[et_pb_section fb_built=\u00a0\u00bb1&Prime; _builder_version=\u00a0\u00bb4.27.4&Prime; custom_margin=\u00a0\u00bb150px||||false|false\u00a0\u00bb custom_padding=\u00a0\u00bb0px||0px||true|\u00a0\u00bb global_colors_info=\u00a0\u00bb{}\u00a0\u00bb][et_pb_row column_structure=\u00a0\u00bb2_3,1_3&Prime; make_equal=\u00a0\u00bbon\u00a0\u00bb _builder_version=\u00a0\u00bb4.27.4&Prime; width=\u00a0\u00bb100%\u00a0\u00bb width_tablet=\u00a0\u00bb90%\u00a0\u00bb width_phone=\u00a0\u00bb90%\u00a0\u00bb width_last_edited=\u00a0\u00bboff|desktop\u00a0\u00bb max_width=\u00a0\u00bb1500px\u00a0\u00bb max_width_tablet=\u00a0\u00bb90%\u00a0\u00bb max_width_phone=\u00a0\u00bb90%\u00a0\u00bb max_width_last_edited=\u00a0\u00bboff|desktop\u00a0\u00bb custom_margin=\u00a0\u00bb-103px|auto||auto||\u00a0\u00bb custom_padding=\u00a0\u00bb0px||0px||true|\u00a0\u00bb global_colors_info=\u00a0\u00bb{}\u00a0\u00bb][et_pb_column type=\u00a0\u00bb2_3&Prime; _builder_version=\u00a0\u00bb4.27.4&Prime; animation_style=\u00a0\u00bbslide\u00a0\u00bb animation_direction=\u00a0\u00bbleft\u00a0\u00bb animation_duration=\u00a0\u00bb2000ms\u00a0\u00bb global_colors_info=\u00a0\u00bb{}\u00a0\u00bb][et_pb_text _builder_version=\u00a0\u00bb4.27.4&Prime; header_font=\u00a0\u00bb||||||||\u00a0\u00bb header_font_size=\u00a0\u00bb35px\u00a0\u00bb header_line_height=\u00a0\u00bb1.3em\u00a0\u00bb custom_margin=\u00a0\u00bb|||50px|false|false\u00a0\u00bb custom_margin_tablet=\u00a0\u00bb-10px||||false|false\u00a0\u00bb custom_margin_phone=\u00a0\u00bb-10px||||false|false\u00a0\u00bb custom_margin_last_edited=\u00a0\u00bbon|desktop\u00a0\u00bb header_font_size_tablet=\u00a0\u00bb\u00a0\u00bb header_font_size_phone=\u00a0\u00bb30px\u00a0\u00bb header_font_size_last_edited=\u00a0\u00bbon|desktop\u00a0\u00bb global_colors_info=\u00a0\u00bb{}\u00a0\u00bb]<\/p>\n<h1>Coup de coeur<\/h1>\n<p>[\/et_pb_text][et_pb_text _builder_version=\u00a0\u00bb4.27.4&Prime; text_font=\u00a0\u00bb||||||||\u00a0\u00bb text_line_height=\u00a0\u00bb1.8em\u00a0\u00bb max_width_tablet=\u00a0\u00bb100%\u00a0\u00bb max_width_phone=\u00a0\u00bb\u00a0\u00bb max_width_last_edited=\u00a0\u00bbon|desktop\u00a0\u00bb custom_margin=\u00a0\u00bb-16px|||50px|false|false\u00a0\u00bb custom_margin_tablet=\u00a0\u00bb-26px||||false|false\u00a0\u00bb custom_margin_phone=\u00a0\u00bb-26px||||false|false\u00a0\u00bb custom_margin_last_edited=\u00a0\u00bbon|desktop\u00a0\u00bb custom_padding=\u00a0\u00bb|85px||||\u00a0\u00bb global_colors_info=\u00a0\u00bb{}\u00a0\u00bb]<\/p>\n<p style=\"text-align: justify;\">Au c\u0153ur du quartier historique de Bayeux, face \u00e0 la majestueuse cath\u00e9drale, Patanella est n\u00e9 d\u2019une opportunit\u00e9 unique : redonner vie \u00e0 un lieu d\u2019exception. Ses magnifiques volumes et son emplacement privil\u00e9gi\u00e9 en font un \u00e9crin id\u00e9al pour accueillir une exp\u00e9rience culinaire authentique.<\/p>\n<p style=\"text-align: justify;\">Port\u00e9s par le charme de ce cadre historique, nous avons r\u00e9nov\u00e9 ce lieu avec soin pour en faire un espace chaleureux et convivial, o\u00f9 se m\u00ealent tradition et modernit\u00e9. Patanella, c\u2019est bien plus qu\u2019un restaurant : c\u2019est un lieu de partage, ancr\u00e9 dans l\u2019\u00e2me vivante de Bayeux, o\u00f9 chaque visite devient un moment m\u00e9morable.<\/p>\n<p>[\/et_pb_text][et_pb_text _builder_version=\u00a0\u00bb4.27.4&Prime; header_font=\u00a0\u00bb||||||||\u00a0\u00bb header_font_size=\u00a0\u00bb35px\u00a0\u00bb header_line_height=\u00a0\u00bb1.3em\u00a0\u00bb custom_margin=\u00a0\u00bb|||50px|false|false\u00a0\u00bb custom_margin_tablet=\u00a0\u00bb-10px||||false|false\u00a0\u00bb custom_margin_phone=\u00a0\u00bb-10px||||false|false\u00a0\u00bb custom_margin_last_edited=\u00a0\u00bbon|desktop\u00a0\u00bb header_font_size_tablet=\u00a0\u00bb\u00a0\u00bb header_font_size_phone=\u00a0\u00bb30px\u00a0\u00bb header_font_size_last_edited=\u00a0\u00bbon|desktop\u00a0\u00bb global_colors_info=\u00a0\u00bb{}\u00a0\u00bb]<\/p>\n<h1>Avant\/Apr\u00e8s : Une r\u00e9novation passionn\u00e9e<\/h1>\n<p>[\/et_pb_text][et_pb_text _builder_version=\u00a0\u00bb4.27.4&Prime; text_font=\u00a0\u00bb||||||||\u00a0\u00bb text_line_height=\u00a0\u00bb1.8em\u00a0\u00bb max_width_tablet=\u00a0\u00bb100%\u00a0\u00bb max_width_phone=\u00a0\u00bb\u00a0\u00bb max_width_last_edited=\u00a0\u00bbon|desktop\u00a0\u00bb custom_margin=\u00a0\u00bb-16px|||50px|false|false\u00a0\u00bb custom_margin_tablet=\u00a0\u00bb-26px||||false|false\u00a0\u00bb custom_margin_phone=\u00a0\u00bb-26px||||false|false\u00a0\u00bb custom_margin_last_edited=\u00a0\u00bbon|desktop\u00a0\u00bb custom_padding=\u00a0\u00bb|85px||||\u00a0\u00bb global_colors_info=\u00a0\u00bb{}\u00a0\u00bb]<\/p>\n<p style=\"text-align: justify;\">Chez Patanella, chaque d\u00e9tail compte. Lorsque nous avons d\u00e9couvert ce lieu, il regorgeait de potentiel, mais demandait un soin particulier pour r\u00e9v\u00e9ler toute sa splendeur.<\/p>\n<p style=\"text-align: justify;\">Nous avons entrepris une r\u00e9novation compl\u00e8te, pi\u00e8ce par pi\u00e8ce, pour redonner vie \u00e0 cet espace exceptionnel. L\u2019\u00e9tage a \u00e9t\u00e9 enti\u00e8rement repens\u00e9 pour offrir un cadre chaleureux et intime. Les salles principales ont \u00e9t\u00e9 r\u00e9nov\u00e9es avec soin pour m\u00ealer authenticit\u00e9 et modernit\u00e9, dans le respect de l\u2019\u00e2me historique du b\u00e2timent.<\/p>\n<p style=\"text-align: justify;\">Aujourd\u2019hui, nous poursuivons cette transformation en travaillant sur le bar, qui deviendra bient\u00f4t un lieu central de convivialit\u00e9, parfait pour partager un ap\u00e9ritif ou un caf\u00e9.<\/p>\n<p>[\/et_pb_text][\/et_pb_column][et_pb_column type=\u00a0\u00bb1_3&Prime; _builder_version=\u00a0\u00bb4.16&Prime; global_colors_info=\u00a0\u00bb{}\u00a0\u00bb][et_pb_image src=\u00a0\u00bbhttps:\/\/mvj0879.webmo.fr\/wp-content\/uploads\/2025\/01\/Ville_de_Bayeux-Marie_Petit_Calvados_Attractivite-14147-1200px.jpg\u00a0\u00bb alt=\u00a0\u00bbMarie Petit\/Calvados Attractivite\u00a0\u00bb title_text=\u00a0\u00bbVille_de_Bayeux-Marie_Petit_Calvados_Attractivite-14147-1200px\u00a0\u00bb _builder_version=\u00a0\u00bb4.27.4&Prime; custom_margin=\u00a0\u00bb|||-25px|false|false\u00a0\u00bb custom_padding=\u00a0\u00bb96px|||||\u00a0\u00bb animation_style=\u00a0\u00bbslide\u00a0\u00bb animation_direction=\u00a0\u00bbright\u00a0\u00bb animation_duration=\u00a0\u00bb1800ms\u00a0\u00bb animation_delay=\u00a0\u00bb150ms\u00a0\u00bb animation_intensity_slide=\u00a0\u00bb17%\u00a0\u00bb box_shadow_style=\u00a0\u00bbpreset3&Prime; global_colors_info=\u00a0\u00bb{}\u00a0\u00bb][\/et_pb_image][\/et_pb_column][\/et_pb_row][et_pb_row make_equal=\u00a0\u00bbon\u00a0\u00bb _builder_version=\u00a0\u00bb4.27.4&Prime; width=\u00a0\u00bb100%\u00a0\u00bb max_width=\u00a0\u00bb1500px\u00a0\u00bb custom_margin=\u00a0\u00bb|auto||auto|false|false\u00a0\u00bb custom_padding=\u00a0\u00bb0px||0px||true|\u00a0\u00bb global_colors_info=\u00a0\u00bb{}\u00a0\u00bb][et_pb_column type=\u00a0\u00bb4_4&Prime; _builder_version=\u00a0\u00bb4.27.4&Prime; animation_style=\u00a0\u00bbslide\u00a0\u00bb animation_direction=\u00a0\u00bbleft\u00a0\u00bb animation_duration=\u00a0\u00bb2000ms\u00a0\u00bb global_colors_info=\u00a0\u00bb{}\u00a0\u00bb][et_pb_text _builder_version=\u00a0\u00bb4.27.4&Prime; header_font=\u00a0\u00bb||||||||\u00a0\u00bb header_font_size=\u00a0\u00bb35px\u00a0\u00bb header_line_height=\u00a0\u00bb1.3em\u00a0\u00bb custom_margin=\u00a0\u00bb|||50px|false|false\u00a0\u00bb custom_margin_tablet=\u00a0\u00bb-10px||||false|false\u00a0\u00bb custom_margin_phone=\u00a0\u00bb-10px||||false|false\u00a0\u00bb custom_margin_last_edited=\u00a0\u00bbon|desktop\u00a0\u00bb custom_padding=\u00a0\u00bb23px|||||\u00a0\u00bb header_font_size_tablet=\u00a0\u00bb\u00a0\u00bb header_font_size_phone=\u00a0\u00bb30px\u00a0\u00bb header_font_size_last_edited=\u00a0\u00bbon|desktop\u00a0\u00bb global_colors_info=\u00a0\u00bb{}\u00a0\u00bb]<\/p>\n<h1>Venez voir par vous-m\u00eame !<\/h1>\n<p>[\/et_pb_text][et_pb_text _builder_version=\u00a0\u00bb4.27.4&Prime; text_font=\u00a0\u00bb||||||||\u00a0\u00bb text_line_height=\u00a0\u00bb1.8em\u00a0\u00bb max_width_tablet=\u00a0\u00bb100%\u00a0\u00bb max_width_phone=\u00a0\u00bb\u00a0\u00bb max_width_last_edited=\u00a0\u00bbon|desktop\u00a0\u00bb custom_margin=\u00a0\u00bb-16px|||50px|false|false\u00a0\u00bb custom_margin_tablet=\u00a0\u00bb-26px||||false|false\u00a0\u00bb custom_margin_phone=\u00a0\u00bb-26px||||false|false\u00a0\u00bb custom_margin_last_edited=\u00a0\u00bbon|desktop\u00a0\u00bb custom_padding=\u00a0\u00bb|85px||||\u00a0\u00bb global_colors_info=\u00a0\u00bb{}\u00a0\u00bb]<\/p>\n<p style=\"text-align: justify;\">Traversez nos portes et laissez-vous s\u00e9duire par l\u2019atmosph\u00e8re unique de Patanella. Que ce soit pour un repas en t\u00eate-\u00e0-t\u00eate, une sortie en famille ou un moment convivial entre amis ou en groupe, notre lieu est con\u00e7u pour tous vos instants partag\u00e9s.<\/p>\n<p style=\"text-align: justify;\">Savourez nos pizzas g\u00e9n\u00e9reuses, nos p\u00e2tes savoureuses, et d\u00e9couvrez un cadre chaleureux o\u00f9 pass\u00e9 et pr\u00e9sent se rencontrent avec \u00e9l\u00e9gance.<\/p>\n<p style=\"text-align: justify;\">Patanella n\u2019attend plus que vous. <strong>R\u00e9servez votre table d\u00e8s aujourd\u2019hui<\/strong> et partagez un moment inoubliable, quelle que soit l\u2019occasion.<\/p>\n<p>[\/et_pb_text][\/et_pb_column][\/et_pb_row][\/et_pb_section][et_pb_section fb_built=\u00a0\u00bb1&Prime; _builder_version=\u00a0\u00bb4.27.4&Prime; _module_preset=\u00a0\u00bbdefault\u00a0\u00bb custom_padding=\u00a0\u00bb0px||4px|||\u00a0\u00bb global_colors_info=\u00a0\u00bb{}\u00a0\u00bb][et_pb_row _builder_version=\u00a0\u00bb4.27.4&Prime; _module_preset=\u00a0\u00bbdefault\u00a0\u00bb custom_padding=\u00a0\u00bb||0px|||\u00a0\u00bb global_colors_info=\u00a0\u00bb{}\u00a0\u00bb][et_pb_column type=\u00a0\u00bb4_4&Prime; _builder_version=\u00a0\u00bb4.27.4&Prime; _module_preset=\u00a0\u00bbdefault\u00a0\u00bb global_colors_info=\u00a0\u00bb{}\u00a0\u00bb][et_pb_code _builder_version=\u00a0\u00bb4.27.4&Prime; _module_preset=\u00a0\u00bbdefault\u00a0\u00bb animation_direction=\u00a0\u00bbright\u00a0\u00bb global_colors_info=\u00a0\u00bb{}\u00a0\u00bb]<\/p>\n<div id=\"sticky-buttons\"><!-- [et_pb_line_break_holder] -->    <a href=\"#lien1\" class=\"custom-button\">Notre menu<\/a><!-- [et_pb_line_break_holder] -->    <a href=\"#lien2\" class=\"custom-button\">R\u00e9server<\/a><!-- [et_pb_line_break_holder] --><\/div>\n<p><!-- [et_pb_line_break_holder] -->[\/et_pb_code][\/et_pb_column][\/et_pb_row][\/et_pb_section]<\/p>\n","protected":false},"excerpt":{"rendered":"<p>Coup de coeurAu c\u0153ur du quartier historique de Bayeux, face \u00e0 la majestueuse cath\u00e9drale, Patanella est n\u00e9 d\u2019une opportunit\u00e9 unique : redonner vie \u00e0 un lieu d\u2019exception. Ses magnifiques volumes et son emplacement privil\u00e9gi\u00e9 en font un \u00e9crin id\u00e9al pour accueillir une exp\u00e9rience culinaire authentique. Port\u00e9s par le charme de ce cadre historique, nous avons [&hellip;]<\/p>\n","protected":false},"author":1,"featured_media":0,"parent":0,"menu_order":0,"comment_status":"closed","ping_status":"closed","template":"","meta":{"_et_pb_use_builder":"on","_et_pb_old_content":"","_et_gb_content_width":"","footnotes":""},"class_list":["post-71452","page","type-page","status-publish","hentry"],"_links":{"self":[{"href":"https:\/\/patanella.fr\/en\/wp-json\/wp\/v2\/pages\/71452","targetHints":{"allow":["GET"]}}],"collection":[{"href":"https:\/\/patanella.fr\/en\/wp-json\/wp\/v2\/pages"}],"about":[{"href":"https:\/\/patanella.fr\/en\/wp-json\/wp\/v2\/types\/page"}],"author":[{"embeddable":true,"href":"https:\/\/patanella.fr\/en\/wp-json\/wp\/v2\/users\/1"}],"replies":[{"embeddable":true,"href":"https:\/\/patanella.fr\/en\/wp-json\/wp\/v2\/comments?post=71452"}],"version-history":[{"count":3,"href":"https:\/\/patanella.fr\/en\/wp-json\/wp\/v2\/pages\/71452\/revisions"}],"predecessor-version":[{"id":71645,"href":"https:\/\/patanella.fr\/en\/wp-json\/wp\/v2\/pages\/71452\/revisions\/71645"}],"wp:attachment":[{"href":"https:\/\/patanella.fr\/en\/wp-json\/wp\/v2\/media?parent=71452"}],"curies":[{"name":"wp","href":"https:\/\/api.w.org\/{rel}","templated":true}]}}