{"id":7,"date":"2024-12-27T11:05:36","date_gmt":"2024-12-27T10:05:36","guid":{"rendered":"https:\/\/mvj0879.webmo.fr\/?page_id=7"},"modified":"2024-12-30T10:49:43","modified_gmt":"2024-12-30T09:49:43","slug":"patanella","status":"publish","type":"page","link":"https:\/\/patanella.fr\/en\/patanella\/","title":{"rendered":"Patanella"},"content":{"rendered":"<p>[et_pb_section fb_built=\u00a0\u00bb1&Prime; _builder_version=\u00a0\u00bb4.27.4&Prime; _module_preset=\u00a0\u00bbdefault\u00a0\u00bb background_enable_color=\u00a0\u00bboff\u00a0\u00bb background_video_mp4=\u00a0\u00bbhttps:\/\/mvj0879.webmo.fr\/wp-content\/uploads\/2024\/12\/123629-728697948_medium.mp4&Prime; custom_padding=\u00a0\u00bb3px||236px|||\u00a0\u00bb global_colors_info=\u00a0\u00bb{}\u00a0\u00bb][et_pb_row column_structure=\u00a0\u00bb1_2,1_2&Prime; _builder_version=\u00a0\u00bb4.27.4&Prime; _module_preset=\u00a0\u00bbdefault\u00a0\u00bb use_background_color_gradient=\u00a0\u00bbon\u00a0\u00bb background_color_gradient_direction=\u00a0\u00bb90deg\u00a0\u00bb background_color_gradient_stops=\u00a0\u00bb#000000 0%|rgba(0,0,0,0) 99%\u00a0\u00bb width=\u00a0\u00bb100%\u00a0\u00bb max_width=\u00a0\u00bb1400px\u00a0\u00bb min_height=\u00a0\u00bb0px\u00a0\u00bb custom_margin=\u00a0\u00bb|0px||10px|false|false\u00a0\u00bb custom_padding=\u00a0\u00bb12px||127px|35px|false|false\u00a0\u00bb global_colors_info=\u00a0\u00bb{}\u00a0\u00bb][et_pb_column type=\u00a0\u00bb1_2&Prime; _builder_version=\u00a0\u00bb4.27.4&Prime; _module_preset=\u00a0\u00bbdefault\u00a0\u00bb global_colors_info=\u00a0\u00bb{}\u00a0\u00bb][et_pb_text _builder_version=\u00a0\u00bb4.27.4&Prime; _module_preset=\u00a0\u00bbdefault\u00a0\u00bb header_font=\u00a0\u00bbPlayfair Display||||||||\u00a0\u00bb header_text_color=\u00a0\u00bb#FFFFFF\u00a0\u00bb header_font_size=\u00a0\u00bb50px\u00a0\u00bb custom_margin=\u00a0\u00bb||20px|||\u00a0\u00bb global_colors_info=\u00a0\u00bb{}\u00a0\u00bb]<\/p>\n<h1>Restaurant PATANELLA<\/h1>\n<p>[\/et_pb_text][et_pb_text _builder_version=\u00a0\u00bb4.27.4&Prime; _module_preset=\u00a0\u00bbdefault\u00a0\u00bb text_font_size=\u00a0\u00bb17px\u00a0\u00bb custom_margin=\u00a0\u00bb||16px|||\u00a0\u00bb global_colors_info=\u00a0\u00bb{}\u00a0\u00bb]<\/p>\n<ul>\n<li><span style=\"color: #b87333;\">0652443729<\/span><\/li>\n<li><a href=\"https:\/\/www.google.com\/maps\/place\/3+Rue+des+Chanoines,+14400+Bayeux\/@49.2755401,-0.7069739,17z\/data=!3m1!4b1!4m6!3m5!1s0x480bacae9f071b91:0x92ac1ea10ed3f41d!8m2!3d49.2755366!4d-0.704399!16s%2Fg%2F11b8v5gjm0?authuser=0&amp;entry=ttu&amp;g_ep=EgoyMDI0MTIxMS4wIKXMDSoASAFQAw%3D%3D\" target=\"_blank\" rel=\"noopener\">3 rue des Chanoines 14400 Bayeux<\/a><span style=\"color: #b87333;\"><\/span><span style=\"color: #b87333;\"><\/span><\/li>\n<\/ul>\n<p>[\/et_pb_text][et_pb_text _builder_version=\u00a0\u00bb4.27.4&Prime; _module_preset=\u00a0\u00bbdefault\u00a0\u00bb text_font=\u00a0\u00bbLato||||||||\u00a0\u00bb text_text_color=\u00a0\u00bb#FFFFFF\u00a0\u00bb text_font_size=\u00a0\u00bb16px\u00a0\u00bb max_width=\u00a0\u00bb80%\u00a0\u00bb global_colors_info=\u00a0\u00bb{}\u00a0\u00bb]<\/p>\n<p style=\"text-align: justify;\"><strong>Chers clients,<\/strong><\/p>\n<p style=\"text-align: justify;\">Actuellement en travaux, nous travaillons avec soin pour vous accueillir dans un cadre chaleureux et enti\u00e8rement repens\u00e9.<\/p>\n<p style=\"text-align: justify;\">\ud83d\udcc5 <strong>Ouverture pr\u00e9vue : d\u00e9but mars, juste \u00e0 temps pour la saison touristique.<\/strong><\/p>\n<p style=\"text-align: justify;\">Merci de votre patience et \u00e0 tr\u00e8s bient\u00f4t pour d\u00e9couvrir les saveurs authentiques de notre nouvelle carte italienne !<\/p>\n<p style=\"text-align: justify;\"><em>L&rsquo;\u00e9quipe Patanella<\/em><\/p>\n<p>[\/et_pb_text][\/et_pb_column][et_pb_column type=\u00a0\u00bb1_2&Prime; _builder_version=\u00a0\u00bb4.27.4&Prime; _module_preset=\u00a0\u00bbdefault\u00a0\u00bb global_colors_info=\u00a0\u00bb{}\u00a0\u00bb][\/et_pb_column][\/et_pb_row][\/et_pb_section]<\/p>\n","protected":false},"excerpt":{"rendered":"<p>Restaurant PATANELLA 0652443729 3 rue des Chanoines 14400 Bayeux Chers clients, Actuellement en travaux, nous travaillons avec soin pour vous accueillir dans un cadre chaleureux et enti\u00e8rement repens\u00e9. \ud83d\udcc5 Ouverture pr\u00e9vue : d\u00e9but mars, juste \u00e0 temps pour la saison touristique. Merci de votre patience et \u00e0 tr\u00e8s bient\u00f4t pour d\u00e9couvrir les saveurs authentiques de [&hellip;]<\/p>\n","protected":false},"author":1,"featured_media":0,"parent":0,"menu_order":0,"comment_status":"closed","ping_status":"closed","template":"","meta":{"_et_pb_use_builder":"on","_et_pb_old_content":"","_et_gb_content_width":"","footnotes":""},"class_list":["post-7","page","type-page","status-publish","hentry"],"_links":{"self":[{"href":"https:\/\/patanella.fr\/en\/wp-json\/wp\/v2\/pages\/7","targetHints":{"allow":["GET"]}}],"collection":[{"href":"https:\/\/patanella.fr\/en\/wp-json\/wp\/v2\/pages"}],"about":[{"href":"https:\/\/patanella.fr\/en\/wp-json\/wp\/v2\/types\/page"}],"author":[{"embeddable":true,"href":"https:\/\/patanella.fr\/en\/wp-json\/wp\/v2\/users\/1"}],"replies":[{"embeddable":true,"href":"https:\/\/patanella.fr\/en\/wp-json\/wp\/v2\/comments?post=7"}],"version-history":[{"count":3,"href":"https:\/\/patanella.fr\/en\/wp-json\/wp\/v2\/pages\/7\/revisions"}],"predecessor-version":[{"id":35,"href":"https:\/\/patanella.fr\/en\/wp-json\/wp\/v2\/pages\/7\/revisions\/35"}],"wp:attachment":[{"href":"https:\/\/patanella.fr\/en\/wp-json\/wp\/v2\/media?parent=7"}],"curies":[{"name":"wp","href":"https:\/\/api.w.org\/{rel}","templated":true}]}}